{"id":918,"date":"2010-10-22T15:21:54","date_gmt":"2010-10-22T13:21:54","guid":{"rendered":"http:\/\/www.gunnarherrmann.de\/blog\/"},"modified":"2012-01-18T12:14:04","modified_gmt":"2012-01-18T11:14:04","slug":"erlebnispadagogik","status":"publish","type":"page","link":"http:\/\/www.gunnarherrmann.de\/blog\/ueber-mich\/erlebnispadagogik\/","title":{"rendered":"Erlebnisp\u00e4dagogik"},"content":{"rendered":"<p>oder &#8222;Adventuregames zur Teambildung&#8220;.<\/p>\n<p>Im Sommer 2009 habe ich an einem zweit\u00e4gigen Workshop bei <a href=\"http:\/\/www.idworx.de\/kontakt.php\" class=\"broken_link\">Michael Kaiser<\/a> zur Erlebnisp\u00e4dagogik teilgenommen. In den Wochen danach habe ich versucht mehr \u00fcber das Thema zu erfahren und war nur m\u00e4\u00dfig erfolgreich. Schau man bei Wikipedia nach <a href=\"http:\/\/de.wikipedia.org\/wiki\/Erlebnisp%C3%A4dagogik\">Erlebnisp\u00e4dagogik<\/a> erf\u00e4hrt man etwas \u00fcber die Geschichte un die Grundlagen, aber wenig \u00fcber die Durchf\u00fchrung.<\/p>\n<p><strong>Quellen<\/strong><\/p>\n<p>Gildsorf, R.,  Kistner, G., (1995): Kooperative Abenteuerspiele , Kallmeyer, Seelze-Velber<br \/>\n<a href=\"http:\/\/www.amazon.de\/Kooperative-Abenteuerspiele-Bd-1-Jugendarbeit-Erwachsenenbildung\/dp\/3780058014\/\">Bei Amazon.de anschauen<\/a><\/p>\n","protected":false},"excerpt":{"rendered":"<p>oder &#8222;Adventuregames zur Teambildung&#8220;. Im Sommer 2009 habe ich an einem zweit\u00e4gigen Workshop bei Michael Kaiser zur Erlebnisp\u00e4dagogik teilgenommen. In den Wochen danach habe ich versucht mehr \u00fcber das Thema zu erfahren und war nur m\u00e4\u00dfig erfolgreich. Schau man bei &hellip; <a href=\"http:\/\/www.gunnarherrmann.de\/blog\/ueber-mich\/erlebnispadagogik\/\">Weiterlesen <span class=\"meta-nav\">&rarr;<\/span><\/a><\/p>\n","protected":false},"author":2,"featured_media":0,"parent":2,"menu_order":0,"comment_status":"open","ping_status":"open","template":"","meta":{"jetpack_post_was_ever_published":false,"footnotes":""},"class_list":["post-918","page","type-page","status-publish","hentry"],"yoast_head":"<!-- This site is optimized with the Yoast SEO plugin v20.8 - https:\/\/yoast.com\/wordpress\/plugins\/seo\/ -->\n<title>Erlebnisp\u00e4dagogik - Gunnars Blog<\/title>\n<meta name=\"description\" content=\"oder &quot;Adventuregames zur Teambildung&quot;. Im Sommer 2009 habe ich an einem zweit\u00e4gigen Workshop bei Michael Kaiser zur Erlebnisp\u00e4dagogik teilgenommen. In den\" \/>\n<meta name=\"robots\" content=\"index, follow, max-snippet:-1, max-image-preview:large, max-video-preview:-1\" \/>\n<link rel=\"canonical\" href=\"http:\/\/www.gunnarherrmann.de\/blog\/ueber-mich\/erlebnispadagogik\/\" \/>\n<meta property=\"og:locale\" content=\"de_DE\" \/>\n<meta property=\"og:type\" content=\"article\" \/>\n<meta property=\"og:title\" content=\"Erlebnisp\u00e4dagogik - Gunnars Blog\" \/>\n<meta property=\"og:description\" content=\"oder &quot;Adventuregames zur Teambildung&quot;. Im Sommer 2009 habe ich an einem zweit\u00e4gigen Workshop bei Michael Kaiser zur Erlebnisp\u00e4dagogik teilgenommen. In den\" \/>\n<meta property=\"og:url\" content=\"http:\/\/www.gunnarherrmann.de\/blog\/ueber-mich\/erlebnispadagogik\/\" \/>\n<meta property=\"og:site_name\" content=\"Gunnars Blog\" \/>\n<meta property=\"article:modified_time\" content=\"2012-01-18T11:14:04+00:00\" \/>\n<script type=\"application\/ld+json\" class=\"yoast-schema-graph\">{\"@context\":\"https:\/\/schema.org\",\"@graph\":[{\"@type\":\"WebPage\",\"@id\":\"http:\/\/www.gunnarherrmann.de\/blog\/ueber-mich\/erlebnispadagogik\/\",\"url\":\"http:\/\/www.gunnarherrmann.de\/blog\/ueber-mich\/erlebnispadagogik\/\",\"name\":\"Erlebnisp\u00e4dagogik - Gunnars Blog\",\"isPartOf\":{\"@id\":\"http:\/\/www.gunnarherrmann.de\/blog\/#website\"},\"datePublished\":\"2010-10-22T13:21:54+00:00\",\"dateModified\":\"2012-01-18T11:14:04+00:00\",\"description\":\"oder \\\"Adventuregames zur Teambildung\\\". Im Sommer 2009 habe ich an einem zweit\u00e4gigen Workshop bei Michael Kaiser zur Erlebnisp\u00e4dagogik teilgenommen. In den\",\"breadcrumb\":{\"@id\":\"http:\/\/www.gunnarherrmann.de\/blog\/ueber-mich\/erlebnispadagogik\/#breadcrumb\"},\"inLanguage\":\"de\",\"potentialAction\":[{\"@type\":\"ReadAction\",\"target\":[\"http:\/\/www.gunnarherrmann.de\/blog\/ueber-mich\/erlebnispadagogik\/\"]}]},{\"@type\":\"BreadcrumbList\",\"@id\":\"http:\/\/www.gunnarherrmann.de\/blog\/ueber-mich\/erlebnispadagogik\/#breadcrumb\",\"itemListElement\":[{\"@type\":\"ListItem\",\"position\":1,\"name\":\"Home\",\"item\":\"http:\/\/www.gunnarherrmann.de\/blog\/\"},{\"@type\":\"ListItem\",\"position\":2,\"name\":\"\u00dcbersicht\",\"item\":\"http:\/\/www.gunnarherrmann.de\/blog\/ueber-mich\/\"},{\"@type\":\"ListItem\",\"position\":3,\"name\":\"Erlebnisp\u00e4dagogik\"}]},{\"@type\":\"WebSite\",\"@id\":\"http:\/\/www.gunnarherrmann.de\/blog\/#website\",\"url\":\"http:\/\/www.gunnarherrmann.de\/blog\/\",\"name\":\"Gunnars Blog\",\"description\":\"\",\"potentialAction\":[{\"@type\":\"SearchAction\",\"target\":{\"@type\":\"EntryPoint\",\"urlTemplate\":\"http:\/\/www.gunnarherrmann.de\/blog\/?s={search_term_string}\"},\"query-input\":\"required name=search_term_string\"}],\"inLanguage\":\"de\"}]}<\/script>\n<!-- \/ Yoast SEO plugin. -->","yoast_head_json":{"title":"Erlebnisp\u00e4dagogik - Gunnars Blog","description":"oder \"Adventuregames zur Teambildung\". Im Sommer 2009 habe ich an einem zweit\u00e4gigen Workshop bei Michael Kaiser zur Erlebnisp\u00e4dagogik teilgenommen. In den","robots":{"index":"index","follow":"follow","max-snippet":"max-snippet:-1","max-image-preview":"max-image-preview:large","max-video-preview":"max-video-preview:-1"},"canonical":"http:\/\/www.gunnarherrmann.de\/blog\/ueber-mich\/erlebnispadagogik\/","og_locale":"de_DE","og_type":"article","og_title":"Erlebnisp\u00e4dagogik - Gunnars Blog","og_description":"oder \"Adventuregames zur Teambildung\". Im Sommer 2009 habe ich an einem zweit\u00e4gigen Workshop bei Michael Kaiser zur Erlebnisp\u00e4dagogik teilgenommen. In den","og_url":"http:\/\/www.gunnarherrmann.de\/blog\/ueber-mich\/erlebnispadagogik\/","og_site_name":"Gunnars Blog","article_modified_time":"2012-01-18T11:14:04+00:00","schema":{"@context":"https:\/\/schema.org","@graph":[{"@type":"WebPage","@id":"http:\/\/www.gunnarherrmann.de\/blog\/ueber-mich\/erlebnispadagogik\/","url":"http:\/\/www.gunnarherrmann.de\/blog\/ueber-mich\/erlebnispadagogik\/","name":"Erlebnisp\u00e4dagogik - Gunnars Blog","isPartOf":{"@id":"http:\/\/www.gunnarherrmann.de\/blog\/#website"},"datePublished":"2010-10-22T13:21:54+00:00","dateModified":"2012-01-18T11:14:04+00:00","description":"oder \"Adventuregames zur Teambildung\". Im Sommer 2009 habe ich an einem zweit\u00e4gigen Workshop bei Michael Kaiser zur Erlebnisp\u00e4dagogik teilgenommen. In den","breadcrumb":{"@id":"http:\/\/www.gunnarherrmann.de\/blog\/ueber-mich\/erlebnispadagogik\/#breadcrumb"},"inLanguage":"de","potentialAction":[{"@type":"ReadAction","target":["http:\/\/www.gunnarherrmann.de\/blog\/ueber-mich\/erlebnispadagogik\/"]}]},{"@type":"BreadcrumbList","@id":"http:\/\/www.gunnarherrmann.de\/blog\/ueber-mich\/erlebnispadagogik\/#breadcrumb","itemListElement":[{"@type":"ListItem","position":1,"name":"Home","item":"http:\/\/www.gunnarherrmann.de\/blog\/"},{"@type":"ListItem","position":2,"name":"\u00dcbersicht","item":"http:\/\/www.gunnarherrmann.de\/blog\/ueber-mich\/"},{"@type":"ListItem","position":3,"name":"Erlebnisp\u00e4dagogik"}]},{"@type":"WebSite","@id":"http:\/\/www.gunnarherrmann.de\/blog\/#website","url":"http:\/\/www.gunnarherrmann.de\/blog\/","name":"Gunnars Blog","description":"","potentialAction":[{"@type":"SearchAction","target":{"@type":"EntryPoint","urlTemplate":"http:\/\/www.gunnarherrmann.de\/blog\/?s={search_term_string}"},"query-input":"required name=search_term_string"}],"inLanguage":"de"}]}},"jetpack_shortlink":"https:\/\/wp.me\/PyBmm-eO","jetpack_sharing_enabled":true,"jetpack-related-posts":[{"id":2,"url":"http:\/\/www.gunnarherrmann.de\/blog\/ueber-mich\/","url_meta":{"origin":918,"position":0},"title":"\u00dcbersicht","date":"16. Februar 2009","format":false,"excerpt":"Diese Seite dienst als Verzeichnis der einzelnen Seiten mit besonderen Themen.","rel":"","context":"In &quot;Allgemein&quot;","img":{"alt_text":"","src":"","width":0,"height":0},"classes":[]},{"id":1412,"url":"http:\/\/www.gunnarherrmann.de\/blog\/ueber-mich\/aktuelle-startbahn-flughafen-hamburg-fuhlsbuttel\/","url_meta":{"origin":918,"position":1},"title":"Aktuelle Startbahn Flughafen Hamburg Fuhlsb\u00fcttel","date":"4. Dezember 2011","format":false,"excerpt":"Letzte Startbahn 23.5 8:30 Startbahn 15 21.5 20:00 Landebahn 33 & Startbahn 33 20.5 11:30 Landebahn 23 17.5 13:00 Uhr Startbahn 33 & Landebahn 23 Die Startbahn hat Priorit\u00e4t, weil ich startende Fluzeuge besser sehen bzw. h\u00f6ren kann als landende. Manchmal gebe ich allerdings auch die Landebahn an. Bezeichnung der\u2026","rel":"","context":"\u00c4hnlicher Beitrag","img":{"alt_text":"","src":"https:\/\/i0.wp.com\/www.gunnarherrmann.de\/blog\/wp-content\/uploads\/2010\/06\/Flughafen-Fuhlsb\u00c3\u00bcttel.jpg?resize=350%2C200","width":350,"height":200},"classes":[]},{"id":895,"url":"http:\/\/www.gunnarherrmann.de\/blog\/ueber-mich\/bau-eines-moorbeets\/","url_meta":{"origin":918,"position":2},"title":"Bau eines Moorbeets","date":"3. Oktober 2010","format":false,"excerpt":"Man ben\u00f6tigt: - M\u00f6rtelk\u00fcbel 40l - 2 Eimer 5l - HTM Rohr DN 50 - HTM Muffenstopfen - Floragard Torf Von den Eimern entfernt man die Metallgriffe, bohrt oben ca. 12 und unten zwei L\u00f6cher hinein. Die Eimer und das Rohr stellt man in den K\u00fcbel und f\u00fcllt vorsichtig mit\u2026","rel":"","context":"Mit 2 Kommentaren","img":{"alt_text":"","src":"https:\/\/i0.wp.com\/www.gunnarherrmann.de\/blog\/wp-content\/uploads\/2010\/10\/Moorbeet-1-300x285.jpg?resize=350%2C200","width":350,"height":200},"classes":[]},{"id":1562,"url":"http:\/\/www.gunnarherrmann.de\/blog\/ueber-mich\/gunnars-adblock-filter\/","url_meta":{"origin":918,"position":3},"title":"Gunnars Adblock Filter","date":"1. Januar 2012","format":false,"excerpt":"Gunnars Filter f\u00fcr Adblock plus Seit vier Jahre pflege ich eine eigene Filterliste f\u00fcr Adblock Plus. Nat\u00fcrlich gibt es gute Listen im Netz, wobei besonders die von \"Dr. Evil\" zu empfehlen [ist] war. Dr. Evils Liste wird seit Februar 2011 nicht mehr aktualisiert. Aber aus Spa\u00df und mit der M\u00f6glichkeit\u2026","rel":"","context":"\u00c4hnlicher Beitrag","img":{"alt_text":"","src":"","width":0,"height":0},"classes":[]},{"id":4017,"url":"http:\/\/www.gunnarherrmann.de\/blog\/datenschutzerklaerung\/","url_meta":{"origin":918,"position":4},"title":"Datenschutzerkl\u00e4rung","date":"20. Mai 2018","format":false,"excerpt":"Wer wir sindDie Adresse unserer Website ist: http:\/\/www.gunnarherrmann.de\/blog.Welche personenbezogenen Daten wir sammeln und warum wir sie sammelnKommentareWenn Besucher Kommentare auf der Website schreiben, sammeln wir die Daten, die im Kommentar-Formular angezeigt werden, au\u00dferdem die IP-Adresse des Besuchers und den User-Agent-String (damit wird der Browser identifiziert), um die Erkennung von Spam\u2026","rel":"","context":"\u00c4hnlicher Beitrag","img":{"alt_text":"","src":"","width":0,"height":0},"classes":[]}],"jetpack_likes_enabled":true,"_links":{"self":[{"href":"http:\/\/www.gunnarherrmann.de\/blog\/wp-json\/wp\/v2\/pages\/918","targetHints":{"allow":["GET"]}}],"collection":[{"href":"http:\/\/www.gunnarherrmann.de\/blog\/wp-json\/wp\/v2\/pages"}],"about":[{"href":"http:\/\/www.gunnarherrmann.de\/blog\/wp-json\/wp\/v2\/types\/page"}],"author":[{"embeddable":true,"href":"http:\/\/www.gunnarherrmann.de\/blog\/wp-json\/wp\/v2\/users\/2"}],"replies":[{"embeddable":true,"href":"http:\/\/www.gunnarherrmann.de\/blog\/wp-json\/wp\/v2\/comments?post=918"}],"version-history":[{"count":0,"href":"http:\/\/www.gunnarherrmann.de\/blog\/wp-json\/wp\/v2\/pages\/918\/revisions"}],"up":[{"embeddable":true,"href":"http:\/\/www.gunnarherrmann.de\/blog\/wp-json\/wp\/v2\/pages\/2"}],"wp:attachment":[{"href":"http:\/\/www.gunnarherrmann.de\/blog\/wp-json\/wp\/v2\/media?parent=918"}],"curies":[{"name":"wp","href":"https:\/\/api.w.org\/{rel}","templated":true}]}}