{"id":895,"date":"2010-10-03T09:41:12","date_gmt":"2010-10-03T07:41:12","guid":{"rendered":"http:\/\/www.gunnarherrmann.de\/blog\/"},"modified":"2012-09-22T18:48:30","modified_gmt":"2012-09-22T16:48:30","slug":"bau-eines-moorbeets","status":"publish","type":"page","link":"http:\/\/www.gunnarherrmann.de\/blog\/ueber-mich\/bau-eines-moorbeets\/","title":{"rendered":"Bau eines Moorbeets"},"content":{"rendered":"<p>Man ben\u00f6tigt:<br \/>\n<a href=\"https:\/\/i0.wp.com\/www.gunnarherrmann.de\/blog\/wp-content\/uploads\/2010\/10\/Moorbeet-1.jpg\"><img loading=\"lazy\" decoding=\"async\" src=\"https:\/\/i0.wp.com\/www.gunnarherrmann.de\/blog\/wp-content\/uploads\/2010\/10\/Moorbeet-1.jpg?resize=300%2C285\" alt=\"\" title=\"Moorbeet-1\" width=\"300\" height=\"285\" class=\"alignright size-medium wp-image-897\" srcset=\"https:\/\/i0.wp.com\/www.gunnarherrmann.de\/blog\/wp-content\/uploads\/2010\/10\/Moorbeet-1.jpg?resize=300%2C285 300w, https:\/\/i0.wp.com\/www.gunnarherrmann.de\/blog\/wp-content\/uploads\/2010\/10\/Moorbeet-1.jpg?w=600 600w\" sizes=\"auto, (max-width: 300px) 100vw, 300px\" data-recalc-dims=\"1\" \/><\/a><br \/>\n&#8211; M\u00f6rtelk\u00fcbel 40l<br \/>\n&#8211; 2 Eimer 5l<br \/>\n&#8211; HTM Rohr DN 50<br \/>\n&#8211; HTM Muffenstopfen<br \/>\n&#8211; Floragard Torf<\/p>\n<p>Von den Eimern entfernt man die Metallgriffe, bohrt oben ca. 12 und unten zwei L\u00f6cher hinein. Die Eimer und das Rohr stellt man in den K\u00fcbel und f\u00fcllt vorsichtig mit Regenwasser auf. <\/p>\n<p><a href=\"https:\/\/i0.wp.com\/www.gunnarherrmann.de\/blog\/wp-content\/uploads\/2010\/10\/Moorbeet-2.jpg\"><img loading=\"lazy\" decoding=\"async\" src=\"https:\/\/i0.wp.com\/www.gunnarherrmann.de\/blog\/wp-content\/uploads\/2010\/10\/Moorbeet-2.jpg?resize=265%2C300\" alt=\"\" title=\"Moorbeet-2\" width=\"265\" height=\"300\" class=\"alignright size-medium wp-image-899\" srcset=\"https:\/\/i0.wp.com\/www.gunnarherrmann.de\/blog\/wp-content\/uploads\/2010\/10\/Moorbeet-2.jpg?resize=265%2C300 265w, https:\/\/i0.wp.com\/www.gunnarherrmann.de\/blog\/wp-content\/uploads\/2010\/10\/Moorbeet-2.jpg?w=600 600w\" sizes=\"auto, (max-width: 265px) 100vw, 265px\" data-recalc-dims=\"1\" \/><\/a><\/p>\n<p>Danach gibt man reichlich Torf bis zur den Eimern hinein und dr\u00fcckt diesen fest. Jetzt soviel Wasser hinzugeben, dass sich keine Luft mehr in den Eimern befindet. Den K\u00fcbel mit Torf auff\u00fcllen, dabei erh\u00f6hte und abgesenkte Fl\u00e4chen schaffen. Kr\u00e4ftig mit Wasser auff\u00fcllen und warten. <\/p>\n<p>Der Torf  \u201csetzt\u201d sich noch. Regelm\u00e4\u00dfig Regenwasser nachgie\u00dfen. Nach einigen Tagen kann man die  Fleischfressenden Pflanzen einsetzen.<\/p>\n<p><a href=\"https:\/\/i0.wp.com\/www.gunnarherrmann.de\/blog\/wp-content\/uploads\/2010\/10\/Moorbeet-3.jpg\"><img loading=\"lazy\" decoding=\"async\" src=\"https:\/\/i0.wp.com\/www.gunnarherrmann.de\/blog\/wp-content\/uploads\/2010\/10\/Moorbeet-3.jpg?resize=300%2C296\" alt=\"\" title=\"Moorbeet-3\" width=\"300\" height=\"296\" class=\"aligncenter size-medium wp-image-900\" srcset=\"https:\/\/i0.wp.com\/www.gunnarherrmann.de\/blog\/wp-content\/uploads\/2010\/10\/Moorbeet-3.jpg?resize=300%2C296 300w, https:\/\/i0.wp.com\/www.gunnarherrmann.de\/blog\/wp-content\/uploads\/2010\/10\/Moorbeet-3.jpg?w=600 600w\" sizes=\"auto, (max-width: 300px) 100vw, 300px\" data-recalc-dims=\"1\" \/><\/a><\/p>\n<p>Viel Spa\u00df<\/p>\n<p><a href=\"http:\/\/www.gunnarherrmann.de\/media\/Bau_Moorbeet.pdf\">Die ganze Anleitung als .pdf-Datei<\/a><\/p>\n","protected":false},"excerpt":{"rendered":"<p>Man ben\u00f6tigt: &#8211; M\u00f6rtelk\u00fcbel 40l &#8211; 2 Eimer 5l &#8211; HTM Rohr DN 50 &#8211; HTM Muffenstopfen &#8211; Floragard Torf Von den Eimern entfernt man die Metallgriffe, bohrt oben ca. 12 und unten zwei L\u00f6cher hinein. Die Eimer und das &hellip; <a href=\"http:\/\/www.gunnarherrmann.de\/blog\/ueber-mich\/bau-eines-moorbeets\/\">Weiterlesen <span class=\"meta-nav\">&rarr;<\/span><\/a><\/p>\n","protected":false},"author":2,"featured_media":0,"parent":2,"menu_order":0,"comment_status":"open","ping_status":"open","template":"","meta":{"jetpack_post_was_ever_published":false,"footnotes":""},"class_list":["post-895","page","type-page","status-publish","hentry"],"yoast_head":"<!-- This site is optimized with the Yoast SEO plugin v20.8 - https:\/\/yoast.com\/wordpress\/plugins\/seo\/ -->\n<title>Bau eines Moorbeets - Gunnars Blog<\/title>\n<meta name=\"description\" content=\"Man ben\u00f6tigt: - M\u00f6rtelk\u00fcbel 40l - 2 Eimer 5l - HTM Rohr DN 50 - HTM Muffenstopfen - Floragard Torf Von den Eimern entfernt man die Metallgriffe, bohrt\" \/>\n<meta name=\"robots\" content=\"index, follow, max-snippet:-1, max-image-preview:large, max-video-preview:-1\" \/>\n<link rel=\"canonical\" href=\"http:\/\/www.gunnarherrmann.de\/blog\/ueber-mich\/bau-eines-moorbeets\/\" \/>\n<meta property=\"og:locale\" content=\"de_DE\" \/>\n<meta property=\"og:type\" content=\"article\" \/>\n<meta property=\"og:title\" content=\"Bau eines Moorbeets - Gunnars Blog\" \/>\n<meta property=\"og:description\" content=\"Man ben\u00f6tigt: - M\u00f6rtelk\u00fcbel 40l - 2 Eimer 5l - HTM Rohr DN 50 - HTM Muffenstopfen - Floragard Torf Von den Eimern entfernt man die Metallgriffe, bohrt\" \/>\n<meta property=\"og:url\" content=\"http:\/\/www.gunnarherrmann.de\/blog\/ueber-mich\/bau-eines-moorbeets\/\" \/>\n<meta property=\"og:site_name\" content=\"Gunnars Blog\" \/>\n<meta property=\"article:modified_time\" content=\"2012-09-22T16:48:30+00:00\" \/>\n<meta property=\"og:image\" content=\"http:\/\/www.gunnarherrmann.de\/blog\/wp-content\/uploads\/2010\/10\/Moorbeet-1-300x285.jpg\" \/>\n<meta name=\"twitter:label1\" content=\"Gesch\u00e4tzte Lesezeit\" \/>\n\t<meta name=\"twitter:data1\" content=\"1\u00a0Minute\" \/>\n<script type=\"application\/ld+json\" class=\"yoast-schema-graph\">{\"@context\":\"https:\/\/schema.org\",\"@graph\":[{\"@type\":\"WebPage\",\"@id\":\"http:\/\/www.gunnarherrmann.de\/blog\/ueber-mich\/bau-eines-moorbeets\/\",\"url\":\"http:\/\/www.gunnarherrmann.de\/blog\/ueber-mich\/bau-eines-moorbeets\/\",\"name\":\"Bau eines Moorbeets - Gunnars Blog\",\"isPartOf\":{\"@id\":\"http:\/\/www.gunnarherrmann.de\/blog\/#website\"},\"datePublished\":\"2010-10-03T07:41:12+00:00\",\"dateModified\":\"2012-09-22T16:48:30+00:00\",\"description\":\"Man ben\u00f6tigt: - M\u00f6rtelk\u00fcbel 40l - 2 Eimer 5l - HTM Rohr DN 50 - HTM Muffenstopfen - Floragard Torf Von den Eimern entfernt man die Metallgriffe, bohrt\",\"breadcrumb\":{\"@id\":\"http:\/\/www.gunnarherrmann.de\/blog\/ueber-mich\/bau-eines-moorbeets\/#breadcrumb\"},\"inLanguage\":\"de\",\"potentialAction\":[{\"@type\":\"ReadAction\",\"target\":[\"http:\/\/www.gunnarherrmann.de\/blog\/ueber-mich\/bau-eines-moorbeets\/\"]}]},{\"@type\":\"BreadcrumbList\",\"@id\":\"http:\/\/www.gunnarherrmann.de\/blog\/ueber-mich\/bau-eines-moorbeets\/#breadcrumb\",\"itemListElement\":[{\"@type\":\"ListItem\",\"position\":1,\"name\":\"Home\",\"item\":\"http:\/\/www.gunnarherrmann.de\/blog\/\"},{\"@type\":\"ListItem\",\"position\":2,\"name\":\"\u00dcbersicht\",\"item\":\"http:\/\/www.gunnarherrmann.de\/blog\/ueber-mich\/\"},{\"@type\":\"ListItem\",\"position\":3,\"name\":\"Bau eines Moorbeets\"}]},{\"@type\":\"WebSite\",\"@id\":\"http:\/\/www.gunnarherrmann.de\/blog\/#website\",\"url\":\"http:\/\/www.gunnarherrmann.de\/blog\/\",\"name\":\"Gunnars Blog\",\"description\":\"\",\"potentialAction\":[{\"@type\":\"SearchAction\",\"target\":{\"@type\":\"EntryPoint\",\"urlTemplate\":\"http:\/\/www.gunnarherrmann.de\/blog\/?s={search_term_string}\"},\"query-input\":\"required name=search_term_string\"}],\"inLanguage\":\"de\"}]}<\/script>\n<!-- \/ Yoast SEO plugin. -->","yoast_head_json":{"title":"Bau eines Moorbeets - Gunnars Blog","description":"Man ben\u00f6tigt: - M\u00f6rtelk\u00fcbel 40l - 2 Eimer 5l - HTM Rohr DN 50 - HTM Muffenstopfen - Floragard Torf Von den Eimern entfernt man die Metallgriffe, bohrt","robots":{"index":"index","follow":"follow","max-snippet":"max-snippet:-1","max-image-preview":"max-image-preview:large","max-video-preview":"max-video-preview:-1"},"canonical":"http:\/\/www.gunnarherrmann.de\/blog\/ueber-mich\/bau-eines-moorbeets\/","og_locale":"de_DE","og_type":"article","og_title":"Bau eines Moorbeets - Gunnars Blog","og_description":"Man ben\u00f6tigt: - M\u00f6rtelk\u00fcbel 40l - 2 Eimer 5l - HTM Rohr DN 50 - HTM Muffenstopfen - Floragard Torf Von den Eimern entfernt man die Metallgriffe, bohrt","og_url":"http:\/\/www.gunnarherrmann.de\/blog\/ueber-mich\/bau-eines-moorbeets\/","og_site_name":"Gunnars Blog","article_modified_time":"2012-09-22T16:48:30+00:00","og_image":[{"url":"http:\/\/www.gunnarherrmann.de\/blog\/wp-content\/uploads\/2010\/10\/Moorbeet-1-300x285.jpg"}],"twitter_misc":{"Gesch\u00e4tzte Lesezeit":"1\u00a0Minute"},"schema":{"@context":"https:\/\/schema.org","@graph":[{"@type":"WebPage","@id":"http:\/\/www.gunnarherrmann.de\/blog\/ueber-mich\/bau-eines-moorbeets\/","url":"http:\/\/www.gunnarherrmann.de\/blog\/ueber-mich\/bau-eines-moorbeets\/","name":"Bau eines Moorbeets - Gunnars Blog","isPartOf":{"@id":"http:\/\/www.gunnarherrmann.de\/blog\/#website"},"datePublished":"2010-10-03T07:41:12+00:00","dateModified":"2012-09-22T16:48:30+00:00","description":"Man ben\u00f6tigt: - M\u00f6rtelk\u00fcbel 40l - 2 Eimer 5l - HTM Rohr DN 50 - HTM Muffenstopfen - Floragard Torf Von den Eimern entfernt man die Metallgriffe, bohrt","breadcrumb":{"@id":"http:\/\/www.gunnarherrmann.de\/blog\/ueber-mich\/bau-eines-moorbeets\/#breadcrumb"},"inLanguage":"de","potentialAction":[{"@type":"ReadAction","target":["http:\/\/www.gunnarherrmann.de\/blog\/ueber-mich\/bau-eines-moorbeets\/"]}]},{"@type":"BreadcrumbList","@id":"http:\/\/www.gunnarherrmann.de\/blog\/ueber-mich\/bau-eines-moorbeets\/#breadcrumb","itemListElement":[{"@type":"ListItem","position":1,"name":"Home","item":"http:\/\/www.gunnarherrmann.de\/blog\/"},{"@type":"ListItem","position":2,"name":"\u00dcbersicht","item":"http:\/\/www.gunnarherrmann.de\/blog\/ueber-mich\/"},{"@type":"ListItem","position":3,"name":"Bau eines Moorbeets"}]},{"@type":"WebSite","@id":"http:\/\/www.gunnarherrmann.de\/blog\/#website","url":"http:\/\/www.gunnarherrmann.de\/blog\/","name":"Gunnars Blog","description":"","potentialAction":[{"@type":"SearchAction","target":{"@type":"EntryPoint","urlTemplate":"http:\/\/www.gunnarherrmann.de\/blog\/?s={search_term_string}"},"query-input":"required name=search_term_string"}],"inLanguage":"de"}]}},"jetpack_shortlink":"https:\/\/wp.me\/PyBmm-er","jetpack_sharing_enabled":true,"jetpack-related-posts":[],"jetpack_likes_enabled":true,"_links":{"self":[{"href":"http:\/\/www.gunnarherrmann.de\/blog\/wp-json\/wp\/v2\/pages\/895","targetHints":{"allow":["GET"]}}],"collection":[{"href":"http:\/\/www.gunnarherrmann.de\/blog\/wp-json\/wp\/v2\/pages"}],"about":[{"href":"http:\/\/www.gunnarherrmann.de\/blog\/wp-json\/wp\/v2\/types\/page"}],"author":[{"embeddable":true,"href":"http:\/\/www.gunnarherrmann.de\/blog\/wp-json\/wp\/v2\/users\/2"}],"replies":[{"embeddable":true,"href":"http:\/\/www.gunnarherrmann.de\/blog\/wp-json\/wp\/v2\/comments?post=895"}],"version-history":[{"count":0,"href":"http:\/\/www.gunnarherrmann.de\/blog\/wp-json\/wp\/v2\/pages\/895\/revisions"}],"up":[{"embeddable":true,"href":"http:\/\/www.gunnarherrmann.de\/blog\/wp-json\/wp\/v2\/pages\/2"}],"wp:attachment":[{"href":"http:\/\/www.gunnarherrmann.de\/blog\/wp-json\/wp\/v2\/media?parent=895"}],"curies":[{"name":"wp","href":"https:\/\/api.w.org\/{rel}","templated":true}]}}