{"id":838,"date":"2010-08-04T13:52:14","date_gmt":"2010-08-04T11:52:14","guid":{"rendered":"http:\/\/www.gunnarherrmann.de\/blog\/"},"modified":"2012-08-11T13:48:28","modified_gmt":"2012-08-11T11:48:28","slug":"impressum","status":"publish","type":"page","link":"http:\/\/www.gunnarherrmann.de\/blog\/impressum\/","title":{"rendered":"Impressum"},"content":{"rendered":"<h1>Impressum<\/h1>\n<p>Angaben gem\u00e4\u00df \u00a7 5 TMG:<\/p>\n<p>Gunnar Herrmann<br \/>\n22459 Hamburg\n<\/p>\n<h2>Kontakt:<\/h2>\n<table>\n<tr>\n<\/tr>\n<tr>\n<td>\n<p>E-Mail:<\/p>\n<\/td>\n<td>\n<p>gunnar@gunnarherrmann.de<\/p>\n<\/td>\n<\/tr>\n<\/table>\n<p>Gunnar Herrmann ist Teilnehmer des Partnerprogramms von Amazon EU, das zur Bereitstellung eines Mediums f\u00fcr Websites konzipiert wurde, mittels dessen durch die Platzierung von Werbeanzeigen und Links zu  Amazon.de Werbekostenerstattung verdient werden kann.<\/p>\n","protected":false},"excerpt":{"rendered":"<p>Impressum Angaben gem\u00e4\u00df \u00a7 5 TMG: Gunnar Herrmann 22459 Hamburg Kontakt: E-Mail: gunnar@gunnarherrmann.de Gunnar Herrmann ist Teilnehmer des Partnerprogramms von Amazon EU, das zur Bereitstellung eines Mediums f\u00fcr Websites konzipiert wurde, mittels dessen durch die Platzierung von Werbeanzeigen und Links &hellip; <a href=\"http:\/\/www.gunnarherrmann.de\/blog\/impressum\/\">Weiterlesen <span class=\"meta-nav\">&rarr;<\/span><\/a><\/p>\n","protected":false},"author":2,"featured_media":0,"parent":0,"menu_order":0,"comment_status":"closed","ping_status":"closed","template":"","meta":{"jetpack_post_was_ever_published":false,"footnotes":""},"class_list":["post-838","page","type-page","status-publish","hentry"],"yoast_head":"<!-- This site is optimized with the Yoast SEO plugin v20.8 - https:\/\/yoast.com\/wordpress\/plugins\/seo\/ -->\n<title>Impressum - Gunnars Blog<\/title>\n<meta name=\"description\" content=\"ImpressumAngaben gem\u00e4\u00df \u00a7 5 TMG: Gunnar Herrmann 22459 Hamburg Kontakt: E-Mail: gunnar@gunnarherrmann.de Gunnar Herrmann ist Teilnehmer des\" \/>\n<meta name=\"robots\" content=\"index, follow, max-snippet:-1, max-image-preview:large, max-video-preview:-1\" \/>\n<link rel=\"canonical\" href=\"http:\/\/www.gunnarherrmann.de\/blog\/impressum\/\" \/>\n<meta property=\"og:locale\" content=\"de_DE\" \/>\n<meta property=\"og:type\" content=\"article\" \/>\n<meta property=\"og:title\" content=\"Impressum - Gunnars Blog\" \/>\n<meta property=\"og:description\" content=\"ImpressumAngaben gem\u00e4\u00df \u00a7 5 TMG: Gunnar Herrmann 22459 Hamburg Kontakt: E-Mail: gunnar@gunnarherrmann.de Gunnar Herrmann ist Teilnehmer des\" \/>\n<meta property=\"og:url\" content=\"http:\/\/www.gunnarherrmann.de\/blog\/impressum\/\" \/>\n<meta property=\"og:site_name\" content=\"Gunnars Blog\" \/>\n<meta property=\"article:modified_time\" content=\"2012-08-11T11:48:28+00:00\" \/>\n<script type=\"application\/ld+json\" class=\"yoast-schema-graph\">{\"@context\":\"https:\/\/schema.org\",\"@graph\":[{\"@type\":\"WebPage\",\"@id\":\"http:\/\/www.gunnarherrmann.de\/blog\/impressum\/\",\"url\":\"http:\/\/www.gunnarherrmann.de\/blog\/impressum\/\",\"name\":\"Impressum - Gunnars Blog\",\"isPartOf\":{\"@id\":\"http:\/\/www.gunnarherrmann.de\/blog\/#website\"},\"datePublished\":\"2010-08-04T11:52:14+00:00\",\"dateModified\":\"2012-08-11T11:48:28+00:00\",\"description\":\"ImpressumAngaben gem\u00e4\u00df \u00a7 5 TMG: Gunnar Herrmann 22459 Hamburg Kontakt: E-Mail: gunnar@gunnarherrmann.de Gunnar Herrmann ist Teilnehmer des\",\"breadcrumb\":{\"@id\":\"http:\/\/www.gunnarherrmann.de\/blog\/impressum\/#breadcrumb\"},\"inLanguage\":\"de\",\"potentialAction\":[{\"@type\":\"ReadAction\",\"target\":[\"http:\/\/www.gunnarherrmann.de\/blog\/impressum\/\"]}]},{\"@type\":\"BreadcrumbList\",\"@id\":\"http:\/\/www.gunnarherrmann.de\/blog\/impressum\/#breadcrumb\",\"itemListElement\":[{\"@type\":\"ListItem\",\"position\":1,\"name\":\"Home\",\"item\":\"http:\/\/www.gunnarherrmann.de\/blog\/\"},{\"@type\":\"ListItem\",\"position\":2,\"name\":\"Impressum\"}]},{\"@type\":\"WebSite\",\"@id\":\"http:\/\/www.gunnarherrmann.de\/blog\/#website\",\"url\":\"http:\/\/www.gunnarherrmann.de\/blog\/\",\"name\":\"Gunnars Blog\",\"description\":\"\",\"potentialAction\":[{\"@type\":\"SearchAction\",\"target\":{\"@type\":\"EntryPoint\",\"urlTemplate\":\"http:\/\/www.gunnarherrmann.de\/blog\/?s={search_term_string}\"},\"query-input\":\"required name=search_term_string\"}],\"inLanguage\":\"de\"}]}<\/script>\n<!-- \/ Yoast SEO plugin. -->","yoast_head_json":{"title":"Impressum - Gunnars Blog","description":"ImpressumAngaben gem\u00e4\u00df \u00a7 5 TMG: Gunnar Herrmann 22459 Hamburg Kontakt: E-Mail: gunnar@gunnarherrmann.de Gunnar Herrmann ist Teilnehmer des","robots":{"index":"index","follow":"follow","max-snippet":"max-snippet:-1","max-image-preview":"max-image-preview:large","max-video-preview":"max-video-preview:-1"},"canonical":"http:\/\/www.gunnarherrmann.de\/blog\/impressum\/","og_locale":"de_DE","og_type":"article","og_title":"Impressum - Gunnars Blog","og_description":"ImpressumAngaben gem\u00e4\u00df \u00a7 5 TMG: Gunnar Herrmann 22459 Hamburg Kontakt: E-Mail: gunnar@gunnarherrmann.de Gunnar Herrmann ist Teilnehmer des","og_url":"http:\/\/www.gunnarherrmann.de\/blog\/impressum\/","og_site_name":"Gunnars Blog","article_modified_time":"2012-08-11T11:48:28+00:00","schema":{"@context":"https:\/\/schema.org","@graph":[{"@type":"WebPage","@id":"http:\/\/www.gunnarherrmann.de\/blog\/impressum\/","url":"http:\/\/www.gunnarherrmann.de\/blog\/impressum\/","name":"Impressum - Gunnars Blog","isPartOf":{"@id":"http:\/\/www.gunnarherrmann.de\/blog\/#website"},"datePublished":"2010-08-04T11:52:14+00:00","dateModified":"2012-08-11T11:48:28+00:00","description":"ImpressumAngaben gem\u00e4\u00df \u00a7 5 TMG: Gunnar Herrmann 22459 Hamburg Kontakt: E-Mail: gunnar@gunnarherrmann.de Gunnar Herrmann ist Teilnehmer des","breadcrumb":{"@id":"http:\/\/www.gunnarherrmann.de\/blog\/impressum\/#breadcrumb"},"inLanguage":"de","potentialAction":[{"@type":"ReadAction","target":["http:\/\/www.gunnarherrmann.de\/blog\/impressum\/"]}]},{"@type":"BreadcrumbList","@id":"http:\/\/www.gunnarherrmann.de\/blog\/impressum\/#breadcrumb","itemListElement":[{"@type":"ListItem","position":1,"name":"Home","item":"http:\/\/www.gunnarherrmann.de\/blog\/"},{"@type":"ListItem","position":2,"name":"Impressum"}]},{"@type":"WebSite","@id":"http:\/\/www.gunnarherrmann.de\/blog\/#website","url":"http:\/\/www.gunnarherrmann.de\/blog\/","name":"Gunnars Blog","description":"","potentialAction":[{"@type":"SearchAction","target":{"@type":"EntryPoint","urlTemplate":"http:\/\/www.gunnarherrmann.de\/blog\/?s={search_term_string}"},"query-input":"required name=search_term_string"}],"inLanguage":"de"}]}},"jetpack_shortlink":"https:\/\/wp.me\/PyBmm-dw","jetpack_sharing_enabled":false,"jetpack-related-posts":[{"id":4012,"url":"http:\/\/www.gunnarherrmann.de\/blog\/astrofotos\/","url_meta":{"origin":838,"position":0},"title":"Astrofotos","date":"18. Februar 2018","format":false,"excerpt":"[nggallery id=\"6\"]","rel":"","context":"\u00c4hnlicher Beitrag","img":{"alt_text":"","src":"","width":0,"height":0},"classes":[]},{"id":3967,"url":"http:\/\/www.gunnarherrmann.de\/blog\/astrobilder\/","url_meta":{"origin":838,"position":1},"title":"Astrobilder","date":"23. August 2016","format":false,"excerpt":"","rel":"","context":"\u00c4hnlicher Beitrag","img":{"alt_text":"","src":"","width":0,"height":0},"classes":[]},{"id":3941,"url":"http:\/\/www.gunnarherrmann.de\/blog\/daenemark-2015-3\/","url_meta":{"origin":838,"position":2},"title":"D\u00e4nemark 2015","date":"22. November 2015","format":false,"excerpt":"[nggallery id=\"3\" template=caption]","rel":"","context":"\u00c4hnlicher Beitrag","img":{"alt_text":"","src":"","width":0,"height":0},"classes":[]},{"id":2,"url":"http:\/\/www.gunnarherrmann.de\/blog\/ueber-mich\/","url_meta":{"origin":838,"position":3},"title":"\u00dcbersicht","date":"16. Februar 2009","format":false,"excerpt":"Diese Seite dienst als Verzeichnis der einzelnen Seiten mit besonderen Themen.","rel":"","context":"In &quot;Allgemein&quot;","img":{"alt_text":"","src":"","width":0,"height":0},"classes":[]},{"id":1562,"url":"http:\/\/www.gunnarherrmann.de\/blog\/ueber-mich\/gunnars-adblock-filter\/","url_meta":{"origin":838,"position":4},"title":"Gunnars Adblock Filter","date":"1. Januar 2012","format":false,"excerpt":"Gunnars Filter f\u00fcr Adblock plus Seit vier Jahre pflege ich eine eigene Filterliste f\u00fcr Adblock Plus. Nat\u00fcrlich gibt es gute Listen im Netz, wobei besonders die von \"Dr. Evil\" zu empfehlen [ist] war. Dr. Evils Liste wird seit Februar 2011 nicht mehr aktualisiert. Aber aus Spa\u00df und mit der M\u00f6glichkeit\u2026","rel":"","context":"\u00c4hnlicher Beitrag","img":{"alt_text":"","src":"","width":0,"height":0},"classes":[]},{"id":918,"url":"http:\/\/www.gunnarherrmann.de\/blog\/ueber-mich\/erlebnispadagogik\/","url_meta":{"origin":838,"position":5},"title":"Erlebnisp\u00e4dagogik","date":"22. Oktober 2010","format":false,"excerpt":"oder \"Adventuregames zur Teambildung\". Im Sommer 2009 habe ich an einem zweit\u00e4gigen Workshop bei Michael Kaiser zur Erlebnisp\u00e4dagogik teilgenommen. In den Wochen danach habe ich versucht mehr \u00fcber das Thema zu erfahren und war nur m\u00e4\u00dfig erfolgreich. Schau man bei Wikipedia nach Erlebnisp\u00e4dagogik erf\u00e4hrt man etwas \u00fcber die Geschichte un\u2026","rel":"","context":"Mit 2 Kommentaren","img":{"alt_text":"","src":"","width":0,"height":0},"classes":[]}],"jetpack_likes_enabled":true,"_links":{"self":[{"href":"http:\/\/www.gunnarherrmann.de\/blog\/wp-json\/wp\/v2\/pages\/838","targetHints":{"allow":["GET"]}}],"collection":[{"href":"http:\/\/www.gunnarherrmann.de\/blog\/wp-json\/wp\/v2\/pages"}],"about":[{"href":"http:\/\/www.gunnarherrmann.de\/blog\/wp-json\/wp\/v2\/types\/page"}],"author":[{"embeddable":true,"href":"http:\/\/www.gunnarherrmann.de\/blog\/wp-json\/wp\/v2\/users\/2"}],"replies":[{"embeddable":true,"href":"http:\/\/www.gunnarherrmann.de\/blog\/wp-json\/wp\/v2\/comments?post=838"}],"version-history":[{"count":0,"href":"http:\/\/www.gunnarherrmann.de\/blog\/wp-json\/wp\/v2\/pages\/838\/revisions"}],"wp:attachment":[{"href":"http:\/\/www.gunnarherrmann.de\/blog\/wp-json\/wp\/v2\/media?parent=838"}],"curies":[{"name":"wp","href":"https:\/\/api.w.org\/{rel}","templated":true}]}}