{"id":3967,"date":"2016-08-23T15:18:39","date_gmt":"2016-08-23T14:18:39","guid":{"rendered":"http:\/\/www.gunnarherrmann.de\/blog\/?page_id=3967"},"modified":"2016-08-23T15:18:39","modified_gmt":"2016-08-23T14:18:39","slug":"astrobilder","status":"publish","type":"page","link":"http:\/\/www.gunnarherrmann.de\/blog\/astrobilder\/","title":{"rendered":"Astrobilder"},"content":{"rendered":"\n","protected":false},"excerpt":{"rendered":"","protected":false},"author":2,"featured_media":0,"parent":0,"menu_order":0,"comment_status":"closed","ping_status":"closed","template":"","meta":{"jetpack_post_was_ever_published":false,"footnotes":""},"class_list":["post-3967","page","type-page","status-publish","hentry"],"yoast_head":"<!-- This site is optimized with the Yoast SEO plugin v20.8 - https:\/\/yoast.com\/wordpress\/plugins\/seo\/ -->\n<title>Astrobilder - Gunnars Blog<\/title>\n<meta name=\"robots\" content=\"index, follow, max-snippet:-1, max-image-preview:large, max-video-preview:-1\" \/>\n<link rel=\"canonical\" href=\"http:\/\/www.gunnarherrmann.de\/blog\/astrobilder\/\" \/>\n<meta property=\"og:locale\" content=\"de_DE\" \/>\n<meta property=\"og:type\" content=\"article\" \/>\n<meta property=\"og:title\" content=\"Astrobilder - Gunnars Blog\" \/>\n<meta property=\"og:url\" content=\"http:\/\/www.gunnarherrmann.de\/blog\/astrobilder\/\" \/>\n<meta property=\"og:site_name\" content=\"Gunnars Blog\" \/>\n<script type=\"application\/ld+json\" class=\"yoast-schema-graph\">{\"@context\":\"https:\/\/schema.org\",\"@graph\":[{\"@type\":\"WebPage\",\"@id\":\"http:\/\/www.gunnarherrmann.de\/blog\/astrobilder\/\",\"url\":\"http:\/\/www.gunnarherrmann.de\/blog\/astrobilder\/\",\"name\":\"Astrobilder - Gunnars Blog\",\"isPartOf\":{\"@id\":\"http:\/\/www.gunnarherrmann.de\/blog\/#website\"},\"datePublished\":\"2016-08-23T14:18:39+00:00\",\"dateModified\":\"2016-08-23T14:18:39+00:00\",\"breadcrumb\":{\"@id\":\"http:\/\/www.gunnarherrmann.de\/blog\/astrobilder\/#breadcrumb\"},\"inLanguage\":\"de\",\"potentialAction\":[{\"@type\":\"ReadAction\",\"target\":[\"http:\/\/www.gunnarherrmann.de\/blog\/astrobilder\/\"]}]},{\"@type\":\"BreadcrumbList\",\"@id\":\"http:\/\/www.gunnarherrmann.de\/blog\/astrobilder\/#breadcrumb\",\"itemListElement\":[{\"@type\":\"ListItem\",\"position\":1,\"name\":\"Home\",\"item\":\"http:\/\/www.gunnarherrmann.de\/blog\/\"},{\"@type\":\"ListItem\",\"position\":2,\"name\":\"Astrobilder\"}]},{\"@type\":\"WebSite\",\"@id\":\"http:\/\/www.gunnarherrmann.de\/blog\/#website\",\"url\":\"http:\/\/www.gunnarherrmann.de\/blog\/\",\"name\":\"Gunnars Blog\",\"description\":\"\",\"potentialAction\":[{\"@type\":\"SearchAction\",\"target\":{\"@type\":\"EntryPoint\",\"urlTemplate\":\"http:\/\/www.gunnarherrmann.de\/blog\/?s={search_term_string}\"},\"query-input\":\"required name=search_term_string\"}],\"inLanguage\":\"de\"}]}<\/script>\n<!-- \/ Yoast SEO plugin. -->","yoast_head_json":{"title":"Astrobilder - Gunnars Blog","robots":{"index":"index","follow":"follow","max-snippet":"max-snippet:-1","max-image-preview":"max-image-preview:large","max-video-preview":"max-video-preview:-1"},"canonical":"http:\/\/www.gunnarherrmann.de\/blog\/astrobilder\/","og_locale":"de_DE","og_type":"article","og_title":"Astrobilder - Gunnars Blog","og_url":"http:\/\/www.gunnarherrmann.de\/blog\/astrobilder\/","og_site_name":"Gunnars Blog","schema":{"@context":"https:\/\/schema.org","@graph":[{"@type":"WebPage","@id":"http:\/\/www.gunnarherrmann.de\/blog\/astrobilder\/","url":"http:\/\/www.gunnarherrmann.de\/blog\/astrobilder\/","name":"Astrobilder - Gunnars Blog","isPartOf":{"@id":"http:\/\/www.gunnarherrmann.de\/blog\/#website"},"datePublished":"2016-08-23T14:18:39+00:00","dateModified":"2016-08-23T14:18:39+00:00","breadcrumb":{"@id":"http:\/\/www.gunnarherrmann.de\/blog\/astrobilder\/#breadcrumb"},"inLanguage":"de","potentialAction":[{"@type":"ReadAction","target":["http:\/\/www.gunnarherrmann.de\/blog\/astrobilder\/"]}]},{"@type":"BreadcrumbList","@id":"http:\/\/www.gunnarherrmann.de\/blog\/astrobilder\/#breadcrumb","itemListElement":[{"@type":"ListItem","position":1,"name":"Home","item":"http:\/\/www.gunnarherrmann.de\/blog\/"},{"@type":"ListItem","position":2,"name":"Astrobilder"}]},{"@type":"WebSite","@id":"http:\/\/www.gunnarherrmann.de\/blog\/#website","url":"http:\/\/www.gunnarherrmann.de\/blog\/","name":"Gunnars Blog","description":"","potentialAction":[{"@type":"SearchAction","target":{"@type":"EntryPoint","urlTemplate":"http:\/\/www.gunnarherrmann.de\/blog\/?s={search_term_string}"},"query-input":"required name=search_term_string"}],"inLanguage":"de"}]}},"jetpack_shortlink":"https:\/\/wp.me\/PyBmm-11Z","jetpack_sharing_enabled":true,"jetpack-related-posts":[{"id":4012,"url":"http:\/\/www.gunnarherrmann.de\/blog\/astrofotos\/","url_meta":{"origin":3967,"position":0},"title":"Astrofotos","date":"18. Februar 2018","format":false,"excerpt":"[nggallery id=\"6\"]","rel":"","context":"\u00c4hnlicher Beitrag","img":{"alt_text":"","src":"","width":0,"height":0},"classes":[]},{"id":918,"url":"http:\/\/www.gunnarherrmann.de\/blog\/ueber-mich\/erlebnispadagogik\/","url_meta":{"origin":3967,"position":1},"title":"Erlebnisp\u00e4dagogik","date":"22. Oktober 2010","format":false,"excerpt":"oder \"Adventuregames zur Teambildung\". Im Sommer 2009 habe ich an einem zweit\u00e4gigen Workshop bei Michael Kaiser zur Erlebnisp\u00e4dagogik teilgenommen. In den Wochen danach habe ich versucht mehr \u00fcber das Thema zu erfahren und war nur m\u00e4\u00dfig erfolgreich. Schau man bei Wikipedia nach Erlebnisp\u00e4dagogik erf\u00e4hrt man etwas \u00fcber die Geschichte un\u2026","rel":"","context":"Mit 2 Kommentaren","img":{"alt_text":"","src":"","width":0,"height":0},"classes":[]},{"id":4017,"url":"http:\/\/www.gunnarherrmann.de\/blog\/datenschutzerklaerung\/","url_meta":{"origin":3967,"position":2},"title":"Datenschutzerkl\u00e4rung","date":"20. Mai 2018","format":false,"excerpt":"Wer wir sindDie Adresse unserer Website ist: http:\/\/www.gunnarherrmann.de\/blog.Welche personenbezogenen Daten wir sammeln und warum wir sie sammelnKommentareWenn Besucher Kommentare auf der Website schreiben, sammeln wir die Daten, die im Kommentar-Formular angezeigt werden, au\u00dferdem die IP-Adresse des Besuchers und den User-Agent-String (damit wird der Browser identifiziert), um die Erkennung von Spam\u2026","rel":"","context":"\u00c4hnlicher Beitrag","img":{"alt_text":"","src":"","width":0,"height":0},"classes":[]}],"jetpack_likes_enabled":true,"_links":{"self":[{"href":"http:\/\/www.gunnarherrmann.de\/blog\/wp-json\/wp\/v2\/pages\/3967","targetHints":{"allow":["GET"]}}],"collection":[{"href":"http:\/\/www.gunnarherrmann.de\/blog\/wp-json\/wp\/v2\/pages"}],"about":[{"href":"http:\/\/www.gunnarherrmann.de\/blog\/wp-json\/wp\/v2\/types\/page"}],"author":[{"embeddable":true,"href":"http:\/\/www.gunnarherrmann.de\/blog\/wp-json\/wp\/v2\/users\/2"}],"replies":[{"embeddable":true,"href":"http:\/\/www.gunnarherrmann.de\/blog\/wp-json\/wp\/v2\/comments?post=3967"}],"version-history":[{"count":0,"href":"http:\/\/www.gunnarherrmann.de\/blog\/wp-json\/wp\/v2\/pages\/3967\/revisions"}],"wp:attachment":[{"href":"http:\/\/www.gunnarherrmann.de\/blog\/wp-json\/wp\/v2\/media?parent=3967"}],"curies":[{"name":"wp","href":"https:\/\/api.w.org\/{rel}","templated":true}]}}